{"id":4011,"date":"2024-04-05T13:27:32","date_gmt":"2024-04-05T12:27:32","guid":{"rendered":"https:\/\/web.nasla.cm\/?page_id=4011"},"modified":"2024-04-05T13:30:42","modified_gmt":"2024-04-05T12:30:42","slug":"cooperation","status":"publish","type":"page","link":"https:\/\/web.nasla.cm\/index.php\/cooperation\/","title":{"rendered":"COOPERATION"},"content":{"rendered":"\t\t<div data-elementor-type=\"wp-page\" data-elementor-id=\"4011\" class=\"elementor elementor-4011\">\n\t\t\t\t\t\t<section class=\"elementor-section elementor-top-section elementor-element elementor-element-a38ec17 elementor-section-boxed elementor-section-height-default elementor-section-height-default wpr-particle-no wpr-jarallax-no wpr-parallax-no wpr-sticky-section-no\" data-id=\"a38ec17\" data-element_type=\"section\" data-e-type=\"section\">\n\t\t\t\t\t\t<div class=\"elementor-container elementor-column-gap-default\">\n\t\t\t\t\t<div class=\"elementor-column elementor-col-100 elementor-top-column elementor-element elementor-element-da1e0c6\" data-id=\"da1e0c6\" data-element_type=\"column\" data-e-type=\"column\">\n\t\t\t<div class=\"elementor-widget-wrap elementor-element-populated\">\n\t\t\t\t\t\t<div class=\"elementor-element elementor-element-67bd3b4 elementor-widget-divider--view-line elementor-widget elementor-widget-divider\" data-id=\"67bd3b4\" data-element_type=\"widget\" data-e-type=\"widget\" data-widget_type=\"divider.default\">\n\t\t\t\t<div class=\"elementor-widget-container\">\n\t\t\t\t\t\t\t<div class=\"elementor-divider\">\n\t\t\t<span class=\"elementor-divider-separator\">\n\t\t\t\t\t\t<\/span>\n\t\t<\/div>\n\t\t\t\t\t\t<\/div>\n\t\t\t\t<\/div>\n\t\t\t\t\t<\/div>\n\t\t<\/div>\n\t\t\t\t\t<\/div>\n\t\t<\/section>\n\t\t\t\t<section class=\"elementor-section elementor-top-section elementor-element elementor-element-c3303d5 elementor-section-boxed elementor-section-height-default elementor-section-height-default wpr-particle-no wpr-jarallax-no wpr-parallax-no wpr-sticky-section-no\" data-id=\"c3303d5\" data-element_type=\"section\" data-e-type=\"section\">\n\t\t\t\t\t\t<div class=\"elementor-container elementor-column-gap-default\">\n\t\t\t\t\t<div class=\"elementor-column elementor-col-100 elementor-top-column elementor-element elementor-element-80ddafc\" data-id=\"80ddafc\" data-element_type=\"column\" data-e-type=\"column\">\n\t\t\t<div class=\"elementor-widget-wrap elementor-element-populated\">\n\t\t\t\t\t\t<div class=\"elementor-element elementor-element-74aff48 xpro-post-grid-align-left elementor-widget elementor-widget-xpro-post-grid\" data-id=\"74aff48\" data-element_type=\"widget\" data-e-type=\"widget\" data-settings=\"{&quot;column_grid&quot;:&quot;2&quot;,&quot;image_height&quot;:{&quot;unit&quot;:&quot;px&quot;,&quot;size&quot;:200,&quot;sizes&quot;:[]},&quot;space_between&quot;:{&quot;unit&quot;:&quot;px&quot;,&quot;size&quot;:50,&quot;sizes&quot;:[]},&quot;column_grid_tablet&quot;:&quot;2&quot;,&quot;column_grid_mobile&quot;:&quot;1&quot;,&quot;image_height_tablet&quot;:{&quot;unit&quot;:&quot;px&quot;,&quot;size&quot;:&quot;&quot;,&quot;sizes&quot;:[]},&quot;image_height_mobile&quot;:{&quot;unit&quot;:&quot;px&quot;,&quot;size&quot;:&quot;&quot;,&quot;sizes&quot;:[]},&quot;space_between_tablet&quot;:{&quot;unit&quot;:&quot;px&quot;,&quot;size&quot;:15,&quot;sizes&quot;:[]},&quot;space_between_mobile&quot;:{&quot;unit&quot;:&quot;px&quot;,&quot;size&quot;:15,&quot;sizes&quot;:[]},&quot;content_height&quot;:{&quot;unit&quot;:&quot;px&quot;,&quot;size&quot;:&quot;&quot;,&quot;sizes&quot;:[]},&quot;content_height_tablet&quot;:{&quot;unit&quot;:&quot;px&quot;,&quot;size&quot;:&quot;&quot;,&quot;sizes&quot;:[]},&quot;content_height_mobile&quot;:{&quot;unit&quot;:&quot;px&quot;,&quot;size&quot;:&quot;&quot;,&quot;sizes&quot;:[]}}\" data-widget_type=\"xpro-post-grid.default\">\n\t\t\t\t<div class=\"elementor-widget-container\">\n\t\t\t\t\t\n\t\t<div class=\"xpro-post-grid-wrapper xpro-post-grid-layout-1\">\n\n\t\t\t\n\t\t\t\t<div class=\"xpro-post-grid-main cbp\">\n\n\t\t\t\t\t\n<div class=\"cbp-item xpro-post-grid-item\">\n\t\t\t<div class=\"xpro-post-grid-image\">\n\t\t\t<img fetchpriority=\"high\" decoding=\"async\" width=\"2560\" height=\"1440\" src=\"https:\/\/web.nasla.cm\/wp-content\/uploads\/2023\/06\/IMG_9217-2-scaled.jpg\" class=\"attachment-full size-full\" alt=\"\" srcset=\"https:\/\/web.nasla.cm\/wp-content\/uploads\/2023\/06\/IMG_9217-2-scaled.jpg 2560w, https:\/\/web.nasla.cm\/wp-content\/uploads\/2023\/06\/IMG_9217-2-300x169.jpg 300w, https:\/\/web.nasla.cm\/wp-content\/uploads\/2023\/06\/IMG_9217-2-1024x576.jpg 1024w, https:\/\/web.nasla.cm\/wp-content\/uploads\/2023\/06\/IMG_9217-2-768x432.jpg 768w, https:\/\/web.nasla.cm\/wp-content\/uploads\/2023\/06\/IMG_9217-2-1536x864.jpg 1536w, https:\/\/web.nasla.cm\/wp-content\/uploads\/2023\/06\/IMG_9217-2-2048x1152.jpg 2048w, https:\/\/web.nasla.cm\/wp-content\/uploads\/2023\/06\/IMG_9217-2-18x10.jpg 18w, https:\/\/web.nasla.cm\/wp-content\/uploads\/2023\/06\/IMG_9217-2-206x116.jpg 206w, https:\/\/web.nasla.cm\/wp-content\/uploads\/2023\/06\/IMG_9217-2-600x338.jpg 600w\" sizes=\"(max-width: 2560px) 100vw, 2560px\" \/>\t\t\t\t\t<\/div>\n\t\n\t<div class=\"xpro-post-grid-content\">\n\n\t\t\n\t\t\t\t\t<ul class=\"xpro-post-grid-meta-list\">\n\t\t\t\t\t\t\t\t\t\t\t\t\t\t\t<li class=\"xpro-post-grid-meta-date\">\n\t\t\t\t\t\t\t<i aria-hidden=\"true\" class=\"far fa-calendar\"><\/i>\t\t\t\t\t\t\t24 septembre 2024\t\t\t\t\t\t<\/li>\n\t\t\t\t\t\t\t\t\t\t\t\t\t\t\t\n\t\t\t\t\t\t\t<\/ul>\n\t\t\n\t\t<a href=\"https:\/\/web.nasla.cm\/index.php\/2024\/09\/24\/protocole-daccord-nasla-tcld\/\">\n\t\t\t<h2 class=\"xpro-post-grid-title\">PROTOCOLE D&rsquo;ACCORD NASLA-TCLD<\/h2>\n\t\t<\/a>\n\n\t\t\n\t\t\t\t\t<p class=\"xpro-post-grid-excerpt\">La National School of Local Administration (NASLA) et le...<\/p>\n\t\t\t\t\t\t\t<a href=\"https:\/\/web.nasla.cm\/index.php\/2024\/09\/24\/protocole-daccord-nasla-tcld\/\" class=\"xpro-post-grid-btn\">Read More<\/a>\n\t\t\t\t\n\t\t\n\t<\/div>\n<\/div>\n\n<div class=\"cbp-item xpro-post-grid-item\">\n\t\t\t<div class=\"xpro-post-grid-image\">\n\t\t\t<img decoding=\"async\" width=\"2000\" height=\"900\" src=\"https:\/\/web.nasla.cm\/wp-content\/uploads\/2024\/05\/202405-insp-22-slide.jpg\" class=\"attachment-full size-full\" alt=\"\" srcset=\"https:\/\/web.nasla.cm\/wp-content\/uploads\/2024\/05\/202405-insp-22-slide.jpg 2000w, https:\/\/web.nasla.cm\/wp-content\/uploads\/2024\/05\/202405-insp-22-slide-300x135.jpg 300w, https:\/\/web.nasla.cm\/wp-content\/uploads\/2024\/05\/202405-insp-22-slide-1024x461.jpg 1024w, https:\/\/web.nasla.cm\/wp-content\/uploads\/2024\/05\/202405-insp-22-slide-768x346.jpg 768w, https:\/\/web.nasla.cm\/wp-content\/uploads\/2024\/05\/202405-insp-22-slide-1536x691.jpg 1536w, https:\/\/web.nasla.cm\/wp-content\/uploads\/2024\/05\/202405-insp-22-slide-18x8.jpg 18w, https:\/\/web.nasla.cm\/wp-content\/uploads\/2024\/05\/202405-insp-22-slide-228x103.jpg 228w, https:\/\/web.nasla.cm\/wp-content\/uploads\/2024\/05\/202405-insp-22-slide-600x270.jpg 600w\" sizes=\"(max-width: 2000px) 100vw, 2000px\" \/>\t\t\t\t\t<\/div>\n\t\n\t<div class=\"xpro-post-grid-content\">\n\n\t\t\n\t\t\t\t\t<ul class=\"xpro-post-grid-meta-list\">\n\t\t\t\t\t\t\t\t\t\t\t\t\t\t\t<li class=\"xpro-post-grid-meta-date\">\n\t\t\t\t\t\t\t<i aria-hidden=\"true\" class=\"far fa-calendar\"><\/i>\t\t\t\t\t\t\t30 mai 2024\t\t\t\t\t\t<\/li>\n\t\t\t\t\t\t\t\t\t\t\t\t\t\t\t\n\t\t\t\t\t\t\t<\/ul>\n\t\t\n\t\t<a href=\"https:\/\/web.nasla.cm\/index.php\/2024\/05\/30\/une-delegation-de-la-nasla-a-linsp-de-paris\/\">\n\t\t\t<h2 class=\"xpro-post-grid-title\">UNE DELEGATION DE LA NASLA A L\u2019INSP DE PARIS<\/h2>\n\t\t<\/a>\n\n\t\t\n\t\t\t\t\t<p class=\"xpro-post-grid-excerpt\">Une importante d\u00e9l\u00e9gation de la National School of Local...<\/p>\n\t\t\t\t\t\t\t<a href=\"https:\/\/web.nasla.cm\/index.php\/2024\/05\/30\/une-delegation-de-la-nasla-a-linsp-de-paris\/\" class=\"xpro-post-grid-btn\">Read More<\/a>\n\t\t\t\t\n\t\t\n\t<\/div>\n<\/div>\n\n<div class=\"cbp-item xpro-post-grid-item\">\n\t\t\t<div class=\"xpro-post-grid-image\">\n\t\t\t<img decoding=\"async\" width=\"2000\" height=\"901\" src=\"https:\/\/web.nasla.cm\/wp-content\/uploads\/2024\/04\/kribi_2024_1_slide.jpg\" class=\"attachment-full size-full\" alt=\"\" srcset=\"https:\/\/web.nasla.cm\/wp-content\/uploads\/2024\/04\/kribi_2024_1_slide.jpg 2000w, https:\/\/web.nasla.cm\/wp-content\/uploads\/2024\/04\/kribi_2024_1_slide-300x135.jpg 300w, https:\/\/web.nasla.cm\/wp-content\/uploads\/2024\/04\/kribi_2024_1_slide-1024x461.jpg 1024w, https:\/\/web.nasla.cm\/wp-content\/uploads\/2024\/04\/kribi_2024_1_slide-768x346.jpg 768w, https:\/\/web.nasla.cm\/wp-content\/uploads\/2024\/04\/kribi_2024_1_slide-1536x692.jpg 1536w, https:\/\/web.nasla.cm\/wp-content\/uploads\/2024\/04\/kribi_2024_1_slide-18x8.jpg 18w, https:\/\/web.nasla.cm\/wp-content\/uploads\/2024\/04\/kribi_2024_1_slide-228x103.jpg 228w, https:\/\/web.nasla.cm\/wp-content\/uploads\/2024\/04\/kribi_2024_1_slide-600x270.jpg 600w\" sizes=\"(max-width: 2000px) 100vw, 2000px\" \/>\t\t\t\t\t<\/div>\n\t\n\t<div class=\"xpro-post-grid-content\">\n\n\t\t\n\t\t\t\t\t<ul class=\"xpro-post-grid-meta-list\">\n\t\t\t\t\t\t\t\t\t\t\t\t\t\t\t<li class=\"xpro-post-grid-meta-date\">\n\t\t\t\t\t\t\t<i aria-hidden=\"true\" class=\"far fa-calendar\"><\/i>\t\t\t\t\t\t\t5 avril 2024\t\t\t\t\t\t<\/li>\n\t\t\t\t\t\t\t\t\t\t\t\t\t\t\t\n\t\t\t\t\t\t\t<\/ul>\n\t\t\n\t\t<a href=\"https:\/\/web.nasla.cm\/index.php\/2024\/04\/05\/la-nasla-en-appui-aux-ctd-de-la-region-du-sud\/\">\n\t\t\t<h2 class=\"xpro-post-grid-title\">LA NASLA EN APPUI AUX CTD DE LA REGION DU SUD<\/h2>\n\t\t<\/a>\n\n\t\t\n\t\t\t\t\t<p class=\"xpro-post-grid-excerpt\">Une importante \u00e9quipe de la National School of Local...<\/p>\n\t\t\t\t\t\t\t<a href=\"https:\/\/web.nasla.cm\/index.php\/2024\/04\/05\/la-nasla-en-appui-aux-ctd-de-la-region-du-sud\/\" class=\"xpro-post-grid-btn\">Read More<\/a>\n\t\t\t\t\n\t\t\n\t<\/div>\n<\/div>\n\n<div class=\"cbp-item xpro-post-grid-item\">\n\t\t\t<div class=\"xpro-post-grid-image\">\n\t\t\t<img loading=\"lazy\" decoding=\"async\" width=\"640\" height=\"480\" src=\"https:\/\/web.nasla.cm\/wp-content\/uploads\/2023\/11\/NASLA-ENA.jpg\" class=\"attachment-full size-full\" alt=\"\" srcset=\"https:\/\/web.nasla.cm\/wp-content\/uploads\/2023\/11\/NASLA-ENA.jpg 640w, https:\/\/web.nasla.cm\/wp-content\/uploads\/2023\/11\/NASLA-ENA-300x225.jpg 300w, https:\/\/web.nasla.cm\/wp-content\/uploads\/2023\/11\/NASLA-ENA-16x12.jpg 16w, https:\/\/web.nasla.cm\/wp-content\/uploads\/2023\/11\/NASLA-ENA-155x116.jpg 155w, https:\/\/web.nasla.cm\/wp-content\/uploads\/2023\/11\/NASLA-ENA-600x450.jpg 600w\" sizes=\"(max-width: 640px) 100vw, 640px\" \/>\t\t\t\t\t<\/div>\n\t\n\t<div class=\"xpro-post-grid-content\">\n\n\t\t\n\t\t\t\t\t<ul class=\"xpro-post-grid-meta-list\">\n\t\t\t\t\t\t\t\t\t\t\t\t\t\t\t<li class=\"xpro-post-grid-meta-date\">\n\t\t\t\t\t\t\t<i aria-hidden=\"true\" class=\"far fa-calendar\"><\/i>\t\t\t\t\t\t\t22 novembre 2023\t\t\t\t\t\t<\/li>\n\t\t\t\t\t\t\t\t\t\t\t\t\t\t\t\n\t\t\t\t\t\t\t<\/ul>\n\t\t\n\t\t<a href=\"https:\/\/web.nasla.cm\/index.php\/2023\/11\/22\/cooperation-france-camerounune-delegation-de-la-nasla-en-visite-detude-en-france\/\">\n\t\t\t<h2 class=\"xpro-post-grid-title\">Coop\u00e9ration FRANCE-CAMEROUN:Une d\u00e9l\u00e9gation de la NASLA en visite d&rsquo;\u00e9tude\u00a0en\u00a0FRANCE<\/h2>\n\t\t<\/a>\n\n\t\t\n\t\t\t\t\t<p class=\"xpro-post-grid-excerpt\">Le&nbsp;Directeur G\u00e9n\u00e9ral de la NASLA conduit une \u00e9quipe \u00e0...<\/p>\n\t\t\t\t\t\t\t<a href=\"https:\/\/web.nasla.cm\/index.php\/2023\/11\/22\/cooperation-france-camerounune-delegation-de-la-nasla-en-visite-detude-en-france\/\" class=\"xpro-post-grid-btn\">Read More<\/a>\n\t\t\t\t\n\t\t\n\t<\/div>\n<\/div>\n\n<div class=\"cbp-item xpro-post-grid-item\">\n\t\t\t<div class=\"xpro-post-grid-image\">\n\t\t\t<img loading=\"lazy\" decoding=\"async\" width=\"2000\" height=\"901\" src=\"https:\/\/web.nasla.cm\/wp-content\/uploads\/2023\/11\/Decentralisation_NASLA_slide.jpg\" class=\"attachment-full size-full\" alt=\"\" srcset=\"https:\/\/web.nasla.cm\/wp-content\/uploads\/2023\/11\/Decentralisation_NASLA_slide.jpg 2000w, https:\/\/web.nasla.cm\/wp-content\/uploads\/2023\/11\/Decentralisation_NASLA_slide-300x135.jpg 300w, https:\/\/web.nasla.cm\/wp-content\/uploads\/2023\/11\/Decentralisation_NASLA_slide-1024x461.jpg 1024w, https:\/\/web.nasla.cm\/wp-content\/uploads\/2023\/11\/Decentralisation_NASLA_slide-768x346.jpg 768w, https:\/\/web.nasla.cm\/wp-content\/uploads\/2023\/11\/Decentralisation_NASLA_slide-1536x692.jpg 1536w, https:\/\/web.nasla.cm\/wp-content\/uploads\/2023\/11\/Decentralisation_NASLA_slide-18x8.jpg 18w, https:\/\/web.nasla.cm\/wp-content\/uploads\/2023\/11\/Decentralisation_NASLA_slide-228x103.jpg 228w, https:\/\/web.nasla.cm\/wp-content\/uploads\/2023\/11\/Decentralisation_NASLA_slide-600x270.jpg 600w\" sizes=\"(max-width: 2000px) 100vw, 2000px\" \/>\t\t\t\t\t<\/div>\n\t\n\t<div class=\"xpro-post-grid-content\">\n\n\t\t\n\t\t\t\t\t<ul class=\"xpro-post-grid-meta-list\">\n\t\t\t\t\t\t\t\t\t\t\t\t\t\t\t<li class=\"xpro-post-grid-meta-date\">\n\t\t\t\t\t\t\t<i aria-hidden=\"true\" class=\"far fa-calendar\"><\/i>\t\t\t\t\t\t\t22 novembre 2023\t\t\t\t\t\t<\/li>\n\t\t\t\t\t\t\t\t\t\t\t\t\t\t\t\n\t\t\t\t\t\t\t<\/ul>\n\t\t\n\t\t<a href=\"https:\/\/web.nasla.cm\/index.php\/2023\/11\/22\/decentralisation-la-nasla-se-joint-aux-presidents-des-conseils-regionaux-pour-impulser-la-decentralisation-au-cameroun\/\">\n\t\t\t<h2 class=\"xpro-post-grid-title\">D\u00e9centralisation : la NASLA se joint aux Pr\u00e9sidents des Conseils R\u00e9gionaux pour impulser la D\u00e9centralisation\u00a0au\u00a0Cameroun<\/h2>\n\t\t<\/a>\n\n\t\t\n\t\t\t\t\t<p class=\"xpro-post-grid-excerpt\">Since Monday 13 November 2023, the Director General of...<\/p>\n\t\t\t\t\t\t\t<a href=\"https:\/\/web.nasla.cm\/index.php\/2023\/11\/22\/decentralisation-la-nasla-se-joint-aux-presidents-des-conseils-regionaux-pour-impulser-la-decentralisation-au-cameroun\/\" class=\"xpro-post-grid-btn\">Read More<\/a>\n\t\t\t\t\n\t\t\n\t<\/div>\n<\/div>\n\n<div class=\"cbp-item xpro-post-grid-item\">\n\t\t\t<div class=\"xpro-post-grid-image\">\n\t\t\t<img loading=\"lazy\" decoding=\"async\" width=\"2560\" height=\"1707\" src=\"https:\/\/web.nasla.cm\/wp-content\/uploads\/2023\/07\/colloque2-scaled.jpg\" class=\"attachment-full size-full\" alt=\"\" srcset=\"https:\/\/web.nasla.cm\/wp-content\/uploads\/2023\/07\/colloque2-scaled.jpg 2560w, https:\/\/web.nasla.cm\/wp-content\/uploads\/2023\/07\/colloque2-300x200.jpg 300w, https:\/\/web.nasla.cm\/wp-content\/uploads\/2023\/07\/colloque2-1024x683.jpg 1024w, https:\/\/web.nasla.cm\/wp-content\/uploads\/2023\/07\/colloque2-768x512.jpg 768w, https:\/\/web.nasla.cm\/wp-content\/uploads\/2023\/07\/colloque2-1536x1024.jpg 1536w, https:\/\/web.nasla.cm\/wp-content\/uploads\/2023\/07\/colloque2-2048x1365.jpg 2048w, https:\/\/web.nasla.cm\/wp-content\/uploads\/2023\/07\/colloque2-18x12.jpg 18w, https:\/\/web.nasla.cm\/wp-content\/uploads\/2023\/07\/colloque2-174x116.jpg 174w, https:\/\/web.nasla.cm\/wp-content\/uploads\/2023\/07\/colloque2-272x182.jpg 272w, https:\/\/web.nasla.cm\/wp-content\/uploads\/2023\/07\/colloque2-600x400.jpg 600w\" sizes=\"(max-width: 2560px) 100vw, 2560px\" \/>\t\t\t\t\t<\/div>\n\t\n\t<div class=\"xpro-post-grid-content\">\n\n\t\t\n\t\t\t\t\t<ul class=\"xpro-post-grid-meta-list\">\n\t\t\t\t\t\t\t\t\t\t\t\t\t\t\t<li class=\"xpro-post-grid-meta-date\">\n\t\t\t\t\t\t\t<i aria-hidden=\"true\" class=\"far fa-calendar\"><\/i>\t\t\t\t\t\t\t27 juillet 2023\t\t\t\t\t\t<\/li>\n\t\t\t\t\t\t\t\t\t\t\t\t\t\t\t\n\t\t\t\t\t\t\t<\/ul>\n\t\t\n\t\t<a href=\"https:\/\/web.nasla.cm\/index.php\/2023\/07\/27\/crisis-management-at-nasla\/\">\n\t\t\t<h2 class=\"xpro-post-grid-title\">CRISIS MANAGEMENT AT NASLA<\/h2>\n\t\t<\/a>\n\n\t\t\n\t\t\t\t\t<p class=\"xpro-post-grid-excerpt\">La National School of Local Administration (NASLA) a servi...<\/p>\n\t\t\t\t\t\t\t<a href=\"https:\/\/web.nasla.cm\/index.php\/2023\/07\/27\/crisis-management-at-nasla\/\" class=\"xpro-post-grid-btn\">Read More<\/a>\n\t\t\t\t\n\t\t\n\t<\/div>\n<\/div>\n\n\t\t\t\t<\/div>\n\n\t\t\t\t\n\t\t<\/div>\n\n\t\t\t\t\t\t<\/div>\n\t\t\t\t<\/div>\n\t\t\t\t\t<\/div>\n\t\t<\/div>\n\t\t\t\t\t<\/div>\n\t\t<\/section>\n\t\t\t\t<\/div>\n\t\t","protected":false},"excerpt":{"rendered":"<p>5 avril 2024 LA NASLA EN APPUI AUX CTD DE LA REGION DU SUD Une importante \u00e9quipe de la National &hellip; <\/p>\n","protected":false},"author":88,"featured_media":0,"parent":0,"menu_order":0,"comment_status":"closed","ping_status":"closed","template":"","meta":{"ngg_post_thumbnail":0,"cybocfi_hide_featured_image":"","footnotes":""},"class_list":["post-4011","page","type-page","status-publish","hentry"],"_links":{"self":[{"href":"https:\/\/web.nasla.cm\/index.php\/wp-json\/wp\/v2\/pages\/4011","targetHints":{"allow":["GET"]}}],"collection":[{"href":"https:\/\/web.nasla.cm\/index.php\/wp-json\/wp\/v2\/pages"}],"about":[{"href":"https:\/\/web.nasla.cm\/index.php\/wp-json\/wp\/v2\/types\/page"}],"author":[{"embeddable":true,"href":"https:\/\/web.nasla.cm\/index.php\/wp-json\/wp\/v2\/users\/88"}],"replies":[{"embeddable":true,"href":"https:\/\/web.nasla.cm\/index.php\/wp-json\/wp\/v2\/comments?post=4011"}],"version-history":[{"count":4,"href":"https:\/\/web.nasla.cm\/index.php\/wp-json\/wp\/v2\/pages\/4011\/revisions"}],"predecessor-version":[{"id":4017,"href":"https:\/\/web.nasla.cm\/index.php\/wp-json\/wp\/v2\/pages\/4011\/revisions\/4017"}],"wp:attachment":[{"href":"https:\/\/web.nasla.cm\/index.php\/wp-json\/wp\/v2\/media?parent=4011"}],"curies":[{"name":"wp","href":"https:\/\/api.w.org\/{rel}","templated":true}]}}