{"id":553,"date":"2020-08-29T16:29:14","date_gmt":"2020-08-29T14:29:14","guid":{"rendered":"http:\/\/161.97.86.23\/web\/?page_id=553"},"modified":"2023-07-26T18:30:57","modified_gmt":"2023-07-26T17:30:57","slug":"historique_french","status":"publish","type":"page","link":"https:\/\/web.nasla.cm\/index.php\/historique_french\/","title":{"rendered":"Historique"},"content":{"rendered":"<div class=\"wp-block-image\">\n<figure class=\"aligncenter size-large\"><img fetchpriority=\"high\" decoding=\"async\" width=\"1024\" height=\"351\" src=\"https:\/\/web.nasla.cm\/wp-content\/uploads\/2023\/06\/IMG_3682-1024x351.jpg\" alt=\"\" class=\"wp-image-2817\" srcset=\"https:\/\/web.nasla.cm\/wp-content\/uploads\/2023\/06\/IMG_3682-1024x351.jpg 1024w, https:\/\/web.nasla.cm\/wp-content\/uploads\/2023\/06\/IMG_3682-300x103.jpg 300w, https:\/\/web.nasla.cm\/wp-content\/uploads\/2023\/06\/IMG_3682-768x263.jpg 768w, https:\/\/web.nasla.cm\/wp-content\/uploads\/2023\/06\/IMG_3682-1536x526.jpg 1536w, https:\/\/web.nasla.cm\/wp-content\/uploads\/2023\/06\/IMG_3682-2048x702.jpg 2048w, https:\/\/web.nasla.cm\/wp-content\/uploads\/2023\/06\/IMG_3682-18x6.jpg 18w, https:\/\/web.nasla.cm\/wp-content\/uploads\/2023\/06\/IMG_3682-228x78.jpg 228w, https:\/\/web.nasla.cm\/wp-content\/uploads\/2023\/06\/IMG_3682-600x206.jpg 600w\" sizes=\"(max-width: 1024px) 100vw, 1024px\" \/><\/figure>\n<\/div>\n\n\n<p><\/p>\n\n\n\n<p><strong><em>Sa cr\u00e9ation<\/em><\/strong><\/p>\n\n\n\n<hr\/>\n\n\n\n<p>La National School of Local Administration abr\u00e9g\u00e9e et d\u00e9sign\u00e9e NASLA marque son entr\u00e9e dans la grande famille des \u00c9tablissements Publics \u00e0 caract\u00e8re Administratif et professionnel par <a href=\"https:\/\/web.nasla.cm\/wp-content\/uploads\/2023\/07\/Decret_2020-111_du_02_mars_2020.pdf\" target=\"_blank\" rel=\"noreferrer noopener\"><strong>D\u00e9cret pr\u00e9sidentiel n\u00b02020-111 du 02 mars 2020<\/strong><\/a>. Elle est dot\u00e9e d&rsquo;une personnalit\u00e9 juridique et de l\u2019autonomie financi\u00e8re.<\/p>\n\n\n\n<p><strong><em>Ses missions<\/em><\/strong><\/p>\n\n\n\n<hr\/>\n\n\n\n<p>Plac\u00e9e sous la tutelle technique du Minist\u00e8re en charg\u00e9 des collectivit\u00e9s territoriales d\u00e9centralis\u00e9es et sous la tutelle financi\u00e8re du Minist\u00e8re en charge des finances, la NASLA est charg\u00e9e de :<\/p>\n\n\n\n<ul class=\"wp-block-list\">\n<li>former les administrateurs des collectivit\u00e9s territoriales d\u00e9centralis\u00e9es dans les domaines de comp\u00e9tences et sp\u00e9cialit\u00e9s de l&rsquo;administration locale conform\u00e9ment aux orientations d\u00e9finies par le Gouvernement;<\/li>\n\n\n\n<li>\u00e9valuer, en collaboration avec les collectivit\u00e9s territoriales d\u00e9centralis\u00e9es, leurs \u00e9tablissements, syndicats ou regroupements, les besoins en formation dans l&rsquo;administration locale;<\/li>\n\n\n\n<li>\u00e9laborer des plans de formations subs\u00e9quentes;<\/li>\n\n\n\n<li>garantir l&rsquo;\u00e9gal acc\u00e8s aux enseignements et aux formations, dans les deux langues officielles \u00e0 toutes personnes de nationalit\u00e9 camerounaise remplissants les conditions acad\u00e9miques requises dans la limite de ses capacit\u00e9s d&rsquo;accueil.<\/li>\n<\/ul>\n\n\n\n<p><strong><em>Son fonctionnement<\/em><\/strong><\/p>\n\n\n\n<hr\/>\n\n\n\n<p>La NASLA est administr\u00e9e par un Conseil d\u2019Administration et une Direction G\u00e9n\u00e9rale.<\/p>\n","protected":false},"excerpt":{"rendered":"<p>Sa cr\u00e9ation La National School of Local Administration abr\u00e9g\u00e9e et d\u00e9sign\u00e9e NASLA marque son entr\u00e9e dans la grande famille des &hellip; <\/p>\n","protected":false},"author":88,"featured_media":0,"parent":0,"menu_order":0,"comment_status":"closed","ping_status":"closed","template":"","meta":{"ngg_post_thumbnail":0,"cybocfi_hide_featured_image":"","footnotes":""},"class_list":["post-553","page","type-page","status-publish","hentry"],"_links":{"self":[{"href":"https:\/\/web.nasla.cm\/index.php\/wp-json\/wp\/v2\/pages\/553","targetHints":{"allow":["GET"]}}],"collection":[{"href":"https:\/\/web.nasla.cm\/index.php\/wp-json\/wp\/v2\/pages"}],"about":[{"href":"https:\/\/web.nasla.cm\/index.php\/wp-json\/wp\/v2\/types\/page"}],"author":[{"embeddable":true,"href":"https:\/\/web.nasla.cm\/index.php\/wp-json\/wp\/v2\/users\/88"}],"replies":[{"embeddable":true,"href":"https:\/\/web.nasla.cm\/index.php\/wp-json\/wp\/v2\/comments?post=553"}],"version-history":[{"count":15,"href":"https:\/\/web.nasla.cm\/index.php\/wp-json\/wp\/v2\/pages\/553\/revisions"}],"predecessor-version":[{"id":3290,"href":"https:\/\/web.nasla.cm\/index.php\/wp-json\/wp\/v2\/pages\/553\/revisions\/3290"}],"wp:attachment":[{"href":"https:\/\/web.nasla.cm\/index.php\/wp-json\/wp\/v2\/media?parent=553"}],"curies":[{"name":"wp","href":"https:\/\/api.w.org\/{rel}","templated":true}]}}